{"id":1679,"date":"2008-05-11T22:50:41","date_gmt":"2008-05-11T20:50:41","guid":{"rendered":"http:\/\/www.ipod.info.pl\/?page_id=1679"},"modified":"2020-01-27T19:43:37","modified_gmt":"2020-01-27T17:43:37","slug":"moje-zdjecia","status":"publish","type":"page","link":"https:\/\/www.ipod.info.pl\/index.php\/moje-zdjecia\/","title":{"rendered":"Kontakt"},"content":{"rendered":"<p><a class=\"twitter-follow-button\" href=\"https:\/\/twitter.com\/norbertcala\" data-show-count=\"true\" data-lang=\"en\" data-size=\"large\">Follow @norbertcala<\/a><\/p>\n<p style=\"text-align: justify;\">Je\u015bli chcecie si\u0119 skontaktowa\u0107 to piszcie na adres <a href=\"mailto:norbert@techlove.pl\">norbert@techlove.pl<\/a> lub dzwo\u0144cie 668 909 979<\/p>\n<p style=\"text-align: justify;\"><a href=\"http:\/\/Techlove.pl\">Techlove.pl<\/a> &#8211; jedyny w Polsce codzienny podcast technologiczny. Zapraszam do s\u0142uchania.<\/p>\n<div>\n<p style=\"text-align: justify;\"><a href=\"http:\/\/www.norbisoft.com\" target=\"_blank\" rel=\"noopener\">Firma Norbi Soft &#8211;\u00a0www.norbisoft.com<\/a>:<br \/>\n\u015awiadczy\u00a0szeroko poj\u0119te <strong>us\u0142ugi informatyczne i teleinformatyczne<\/strong>. Naszym atutem jest wszechstronna znajomo\u015b\u0107 sprz\u0119tu komputerowego, sieciowego, telefonicznego oraz system\u00f3w komputerowych w tym Windows, Mac OS i Linux. Specjali\u015bci z naszej firmy s\u0105 na bie\u017c\u0105co z wszystkimi nowo\u015bciami na rynku. Nasza specjalno\u015b\u0107 to:\u00a0analiza potrzeb i tworzenie infrastruktury informatycznej na potrzeby klienta,\u00a0wdro\u017cenia system\u00f3w informatycznych,\u00a0bie\u017c\u0105ca opieka nad systemami informatycznymi,\u00a0audyty istniej\u0105cych system\u00f3w,\u00a0sprzeda\u017c sprz\u0119tu komputerowego w tym sprz\u0119tu nietypowego.<br \/>\nWsp\u00f3\u0142praca z firm\u0105 odbywa si\u0119 na bardzo elastycznych zasadach dostosowanych do potrzeb i kultury pracy klienta. Gwarantujemy najwy\u017csz\u0105 jako\u015b\u0107 us\u0142ug i pe\u0142n\u0105 dyspozycyjno\u015b\u0107. Informatyka i telekomunikacja to nasza pasja dzi\u0119ki temu mo\u017cecie Pa\u0144stwo by\u0107 pewni, \u017ce Waszymi problemami b\u0119dziemy si\u0119 zajmowali jak w\u0142asnymi.<\/p>\n<p>&nbsp;<\/p>\n<p>\u00a9\u00a0Copyright Norbi &#8211; Norbert Ca\u0142a. Wszelkie\u00a0prawa zastrze\u017cone.\u00a0Kopiowanie\u00a0w ca\u0142o\u015bci lub cz\u0119\u015bci tekst\u00f3w z www.ipod.info.pl\u00a0bez zezwolenia zabronione.<\/p>\n<\/div>\n","protected":false},"excerpt":{"rendered":"<p>Follow @norbertcala Je\u015bli chcecie si\u0119 skontaktowa\u0107 to piszcie na adres norbert@techlove.pl lub dzwo\u0144cie 668 909 979 Techlove.pl &#8211; jedyny w Polsce codzienny podcast technologiczny. Zapraszam do s\u0142uchania. Firma Norbi Soft &#8211;\u00a0www.norbisoft.com: \u015awiadczy\u00a0szeroko poj\u0119te us\u0142ugi informatyczne i teleinformatyczne. Naszym atutem jest wszechstronna znajomo\u015b\u0107 sprz\u0119tu komputerowego, sieciowego, telefonicznego oraz system\u00f3w komputerowych w tym Windows, Mac OS i [&hellip;]<\/p>\n","protected":false},"author":2,"featured_media":21489,"parent":0,"menu_order":7,"comment_status":"closed","ping_status":"closed","template":"","meta":{"footnotes":""},"aioseo_notices":[],"_links":{"self":[{"href":"https:\/\/www.ipod.info.pl\/index.php\/wp-json\/wp\/v2\/pages\/1679"}],"collection":[{"href":"https:\/\/www.ipod.info.pl\/index.php\/wp-json\/wp\/v2\/pages"}],"about":[{"href":"https:\/\/www.ipod.info.pl\/index.php\/wp-json\/wp\/v2\/types\/page"}],"author":[{"embeddable":true,"href":"https:\/\/www.ipod.info.pl\/index.php\/wp-json\/wp\/v2\/users\/2"}],"replies":[{"embeddable":true,"href":"https:\/\/www.ipod.info.pl\/index.php\/wp-json\/wp\/v2\/comments?post=1679"}],"version-history":[{"count":56,"href":"https:\/\/www.ipod.info.pl\/index.php\/wp-json\/wp\/v2\/pages\/1679\/revisions"}],"predecessor-version":[{"id":24454,"href":"https:\/\/www.ipod.info.pl\/index.php\/wp-json\/wp\/v2\/pages\/1679\/revisions\/24454"}],"wp:featuredmedia":[{"embeddable":true,"href":"https:\/\/www.ipod.info.pl\/index.php\/wp-json\/wp\/v2\/media\/21489"}],"wp:attachment":[{"href":"https:\/\/www.ipod.info.pl\/index.php\/wp-json\/wp\/v2\/media?parent=1679"}],"curies":[{"name":"wp","href":"https:\/\/api.w.org\/{rel}","templated":true}]}}